{"id":9,"date":"2021-01-19T04:27:48","date_gmt":"2021-01-19T04:27:48","guid":{"rendered":"http:\/\/stvagricola.com\/?page_id=9"},"modified":"2021-01-19T07:14:04","modified_gmt":"2021-01-19T07:14:04","slug":"about","status":"publish","type":"page","link":"https:\/\/stvagricola.com\/index.php\/about\/","title":{"rendered":"NUESTROS PRINCIPALES SERVICIOS:"},"content":{"rendered":"\n<figure class=\"wp-block-table\"><table><tbody><tr><td>Ejercer el comercio de todo tipo de bienes y servicios susceptibles de comercializaci\u00f3n, su compraventa, importaci\u00f3n, exportaci\u00f3n, distribuci\u00f3n, consignaci\u00f3n, almacenamiento, procesamiento, elaboraci\u00f3n, industrializaci\u00f3n, transformaci\u00f3n, producci\u00f3n, fabricaci\u00f3n, transportaci\u00f3n nacional y o extranjera, ensamble, confecci\u00f3n, corte, dise\u00f1o, lavado, terminaci\u00f3n, colocaci\u00f3n y empaque.<\/td><\/tr><\/tbody><\/table><\/figure>\n\n\n\n<p><\/p>\n","protected":false},"excerpt":{"rendered":"<p>Ejercer el comercio de todo tipo de bienes y servicios susceptibles de comercializaci\u00f3n, su compraventa, importaci\u00f3n, exportaci\u00f3n, distribuci\u00f3n, consignaci\u00f3n, almacenamiento, procesamiento, elaboraci\u00f3n, industrializaci\u00f3n, transformaci\u00f3n, producci\u00f3n, fabricaci\u00f3n, transportaci\u00f3n nacional y o extranjera, ensamble, confecci\u00f3n, corte, dise\u00f1o, lavado, terminaci\u00f3n, colocaci\u00f3n y empaque.<\/p>\n","protected":false},"author":1,"featured_media":41,"parent":0,"menu_order":0,"comment_status":"closed","ping_status":"closed","template":"","meta":[],"_links":{"self":[{"href":"https:\/\/stvagricola.com\/index.php\/wp-json\/wp\/v2\/pages\/9"}],"collection":[{"href":"https:\/\/stvagricola.com\/index.php\/wp-json\/wp\/v2\/pages"}],"about":[{"href":"https:\/\/stvagricola.com\/index.php\/wp-json\/wp\/v2\/types\/page"}],"author":[{"embeddable":true,"href":"https:\/\/stvagricola.com\/index.php\/wp-json\/wp\/v2\/users\/1"}],"replies":[{"embeddable":true,"href":"https:\/\/stvagricola.com\/index.php\/wp-json\/wp\/v2\/comments?post=9"}],"version-history":[{"count":2,"href":"https:\/\/stvagricola.com\/index.php\/wp-json\/wp\/v2\/pages\/9\/revisions"}],"predecessor-version":[{"id":47,"href":"https:\/\/stvagricola.com\/index.php\/wp-json\/wp\/v2\/pages\/9\/revisions\/47"}],"wp:featuredmedia":[{"embeddable":true,"href":"https:\/\/stvagricola.com\/index.php\/wp-json\/wp\/v2\/media\/41"}],"wp:attachment":[{"href":"https:\/\/stvagricola.com\/index.php\/wp-json\/wp\/v2\/media?parent=9"}],"curies":[{"name":"wp","href":"https:\/\/api.w.org\/{rel}","templated":true}]}}