{"id":8,"date":"2021-01-19T04:27:48","date_gmt":"2021-01-19T04:27:48","guid":{"rendered":"http:\/\/stvagricola.com\/?page_id=8"},"modified":"2024-12-04T05:46:59","modified_gmt":"2024-12-04T05:46:59","slug":"home","status":"publish","type":"page","link":"https:\/\/stvagricola.com\/","title":{"rendered":"Misi\u00f3n"},"content":{"rendered":"\n<p><em>En STV estamos conscientes de la importancia que tiene el campo mexicano, siendo uno de los sectores m\u00e1s importantes para el pa\u00eds, por lo que hemos implementado soluciones agr\u00edcolas que ayudaran a mantener una seguridad alimentaria s\u00f3lida y con reconocimiento a nivel mundial.<\/em><\/p>\n\n\n\n<p><em>To men, the&nbsp;<a href=\"https:\/\/tickwatchtock.co.uk\/\">replica watches uk<\/a>&nbsp;for sale are very luxury accessories. Well-known for the excellent precision and the high quality.<\/em><\/p>\n\n\n\n<p>Watchesfromme.co.uk has the&nbsp;<a href=\"https:\/\/watchesfromme.co.uk\/\">replica rolex watches<\/a>, with 70% discount and free shipping, fake watches are also cheap and high quality.<\/p>\n\n\n\n<p>Swiss&nbsp;<a href=\"https:\/\/tagheuerusa.com\/\">replica Tag Heuer watches<\/a>&nbsp;provide discount forms for both men and women.<\/p>\n\n\n\n<p><\/p>\n","protected":false},"excerpt":{"rendered":"<p>En STV estamos conscientes de la importancia que tiene el campo mexicano, siendo uno de los sectores m\u00e1s importantes para el pa\u00eds, por lo que hemos implementado soluciones agr\u00edcolas que ayudaran a mantener una seguridad alimentaria s\u00f3lida y con reconocimiento a nivel mundial. To men, the&nbsp;replica watches uk&nbsp;for sale are very luxury accessories. Well-known for &hellip; <\/p>\n<p class=\"link-more\"><a href=\"https:\/\/stvagricola.com\/\" class=\"more-link\">Continuar leyendo<span class=\"screen-reader-text\"> &#8220;Misi\u00f3n&#8221;<\/span><\/a><\/p>\n","protected":false},"author":1,"featured_media":0,"parent":0,"menu_order":0,"comment_status":"closed","ping_status":"closed","template":"","meta":[],"_links":{"self":[{"href":"https:\/\/stvagricola.com\/index.php\/wp-json\/wp\/v2\/pages\/8"}],"collection":[{"href":"https:\/\/stvagricola.com\/index.php\/wp-json\/wp\/v2\/pages"}],"about":[{"href":"https:\/\/stvagricola.com\/index.php\/wp-json\/wp\/v2\/types\/page"}],"author":[{"embeddable":true,"href":"https:\/\/stvagricola.com\/index.php\/wp-json\/wp\/v2\/users\/1"}],"replies":[{"embeddable":true,"href":"https:\/\/stvagricola.com\/index.php\/wp-json\/wp\/v2\/comments?post=8"}],"version-history":[{"count":3,"href":"https:\/\/stvagricola.com\/index.php\/wp-json\/wp\/v2\/pages\/8\/revisions"}],"predecessor-version":[{"id":160,"href":"https:\/\/stvagricola.com\/index.php\/wp-json\/wp\/v2\/pages\/8\/revisions\/160"}],"wp:attachment":[{"href":"https:\/\/stvagricola.com\/index.php\/wp-json\/wp\/v2\/media?parent=8"}],"curies":[{"name":"wp","href":"https:\/\/api.w.org\/{rel}","templated":true}]}}